{"id":1269,"date":"2015-10-21T07:42:32","date_gmt":"2015-10-21T07:42:32","guid":{"rendered":"http:\/\/logistics.stylemixthemes.com\/demo\/?page_id=2"},"modified":"2020-02-11T14:43:01","modified_gmt":"2020-02-11T11:43:01","slug":"home","status":"publish","type":"page","link":"https:\/\/orsalojistik.com\/","title":{"rendered":"Home"},"content":{"rendered":"<p>[vc_row full_width=&#8221;stretch_row_content_no_spaces&#8221; css=&#8221;.vc_custom_1445941555299{margin-bottom: 0px !important;}&#8221;][vc_column offset=&#8221;vc_hidden-xs&#8221;][rev_slider_vc alias=&#8221;main_slider&#8221;][\/vc_column][\/vc_row][vc_row full_width=&#8221;stretch_row&#8221; el_class=&#8221;base_bg_color no_overflow_hidden&#8221; css=&#8221;.vc_custom_1448432556856{margin-bottom: 80px !important;}&#8221;][vc_column width=&#8221;1\/4&#8243; offset=&#8221;vc_hidden-xs&#8221;][stm_rev_slider_nav title=&#8221;Karayolu Ta\u015f\u0131mac\u0131l\u0131\u011f\u0131&#8221; icon=&#8221;stm-transport868&#8243; slide_number=&#8221;2&#8243;][\/vc_column][vc_column width=&#8221;1\/4&#8243; offset=&#8221;vc_hidden-xs&#8221;][stm_rev_slider_nav title=&#8221;Liman Hizmetleri&#8221; icon=&#8221;stm-ship&#8221; slide_number=&#8221;3&#8243;][\/vc_column][vc_column width=&#8221;1\/4&#8243; offset=&#8221;vc_hidden-xs&#8221;][stm_rev_slider_nav title=&#8221;Depolama&#8221; icon=&#8221;stm-warehouse&#8221; slide_number=&#8221;4&#8243;][\/vc_column][\/vc_row][vc_row full_height=&#8221;yes&#8221; css=&#8221;.vc_custom_1449213766351{margin-bottom: 60px !important;background-image: url(http:\/\/orsalojistik.com\/wp-content\/uploads\/2015\/11\/placeholder.gif?id=1051) !important;background-position: center !important;background-repeat: no-repeat !important;background-size: cover !important;}&#8221; el_class=&#8221;vc_hidden-lg vc_hidden-md vc_hidden-sm&#8221;][vc_column offset=&#8221;vc_hidden-lg vc_hidden-md vc_hidden-sm&#8221; css=&#8221;.vc_custom_1449213666600{padding-top: 40px !important;padding-bottom: 40px !important;}&#8221;][vc_custom_heading text=&#8221;G\u00fcvenilir Ta\u015f\u0131ma Organizasyonu&#8221; font_container=&#8221;tag:h1|text_align:left|color:%23ffffff&#8221; use_theme_fonts=&#8221;yes&#8221; el_class=&#8221;white_stripe&#8221;][vc_column_text]Buraya A\u00e7\u0131klama Girilecek.[\/vc_column_text][vc_btn title=&#8221;Daha Fazla Bilgi.&#8221; style=&#8221;outline&#8221; shape=&#8221;round&#8221; color=&#8221;theme_style_3&#8243; i_align=&#8221;right&#8221; i_icon_fontawesome=&#8221;stm-arrow-next&#8221; add_icon=&#8221;true&#8221;][\/vc_column][\/vc_row][vc_row css=&#8221;.vc_custom_1450264294682{margin-bottom: 80px !important;}&#8221;][vc_column offset=&#8221;vc_col-lg-6 vc_col-md-6&#8243;][vc_column_text]<\/p>\n<h2><span style=\"font-weight: 300;\">WEBSITEM\u0130ZE HO\u015e GELD\u0130N\u0130Z!<\/span><\/h2>\n<p>Orsa Lojistik, m\u00fc\u015fterilerin ihtiya\u00e7lar\u0131n\u0131 kar\u015f\u0131lamak \u00fczere, (\u00fcr\u00fcn\u00fcn) ham maddenin ba\u015flang\u0131\u00e7 noktas\u0131ndan, \u00fcr\u00fcn\u00fcn t\u00fcketildi\u011fi son noktaya kadar sevk edilmesi, hizmetlerin ve bilgi ak\u0131\u015f\u0131n\u0131n etkili ve verimli bir \u015fekilde planlanmas\u0131, uygulanmas\u0131 ve kontrol edilmesini hedefler.<\/p>\n<p>Firmam\u0131z, 2011 y\u0131l\u0131nda Yurt i\u00e7i ve Uluslararas\u0131 Lojistik ve Ta\u015f\u0131mac\u0131l\u0131k faaliyetine ba\u015flam\u0131\u015ft\u0131r.<\/p>\n<p>Amac\u0131m\u0131z, globalle\u015fen ekonomik ortamda, kendimizi Uluslararas\u0131 Lojistik ve Ta\u015f\u0131mac\u0131l\u0131k konular\u0131nda geli\u015ftirmektir.[\/vc_column_text][vc_row_inner][vc_column_inner width=&#8221;1\/2&#8243;][\/vc_column_inner][\/vc_row_inner][\/vc_column][vc_column offset=&#8221;vc_col-lg-6 vc_col-md-6 vc_hidden-sm vc_hidden-xs&#8221;][stm_video_popup image=&#8221;1207&#8243; video=&#8221;https:\/\/player.vimeo.com\/video\/96318607?autoplay=1&#8243;][\/vc_column][\/vc_row][vc_row full_width=&#8221;stretch_row&#8221; css=&#8221;.vc_custom_1450270522171{margin-bottom: 0px !important;padding-top: 40px !important;padding-bottom: 14px !important;}&#8221; el_class=&#8221;secondary_bg_color&#8221;][vc_column width=&#8221;1\/2&#8243; offset=&#8221;vc_col-lg-3 vc_col-md-3&#8243; css=&#8221;.vc_custom_1449142338264{margin-bottom: 30px !important;}&#8221;][stm_counter counter_value=&#8221;852&#8243; drawing=&#8221;yes&#8221; icon_width_svg=&#8221;65&#8243; icon_size=&#8221;64&#8243; title=&#8221;Ba\u015far\u0131l\u0131 Sevkiyat&#8221; drawing_icon=&#8221;stm-projects-done&#8221; icon_color=&#8221;#ffffff&#8221;][\/vc_column][vc_column width=&#8221;1\/2&#8243; offset=&#8221;vc_col-lg-3 vc_col-md-3&#8243; css=&#8221;.vc_custom_1449142329000{margin-bottom: 30px !important;}&#8221;][stm_counter counter_value=&#8221;72&#8243; drawing=&#8221;yes&#8221; icon_width_svg=&#8221;64&#8243; icon_size=&#8221;68&#8243; title=&#8221;Mutlu M\u00fc\u015fteri&#8221; drawing_icon=&#8221;stm-clients-worldwide&#8221; icon_color=&#8221;#ffffff&#8221;][\/vc_column][vc_column width=&#8221;1\/2&#8243; offset=&#8221;vc_col-lg-3 vc_col-md-3&#8243; css=&#8221;.vc_custom_1449142343672{margin-bottom: 30px !important;}&#8221;][stm_counter counter_value=&#8221;153&#8243; drawing=&#8221;yes&#8221; icon_width=&#8221;80&#8243; icon_width_svg=&#8221;52&#8243; icon_size=&#8221;67&#8243; title=&#8221;Ara\u00e7&#8221; drawing_icon=&#8221;stm-owned-vehicles&#8221; icon_color=&#8221;#ffffff&#8221;][\/vc_column][vc_column width=&#8221;1\/2&#8243; offset=&#8221;vc_col-lg-3 vc_col-md-3&#8243; css=&#8221;.vc_custom_1449142350247{margin-bottom: 30px !important;}&#8221;][stm_counter counter_value=&#8221;2&#8243; drawing=&#8221;yes&#8221; icon_width=&#8221;100&#8243; icon_width_svg=&#8221;68&#8243; icon_size=&#8221;67&#8243; title=&#8221;Mutlu \u00c7al\u0131\u015fan&#8221; drawing_icon=&#8221;stm-people-in-team&#8221; icon_color=&#8221;#ffffff&#8221;][\/vc_column][\/vc_row][vc_row full_width=&#8221;stretch_row&#8221; css=&#8221;.vc_custom_1450269319951{margin-bottom: 0px !important;padding-top: 80px !important;padding-bottom: 80px !important;}&#8221; el_class=&#8221;base_bg_color&#8221;][vc_column][stm_services posts_per_page=&#8221;12&#8243; autoplay=&#8221;yes&#8221; items_tablet=&#8221;3&#8243; items_normal=&#8221;&#8221; items_small=&#8221;&#8221;]<\/p>\n<h2><span style=\"color: #ffffff; font-weight: 300;\">Size \u00d6zel Tekliflerimiz<\/span><\/h2>\n<p><span style=\"color: rgba(255,255,255,.5);\">Buraya Metin Girilecek<\/span>[\/stm_services][\/vc_column][\/vc_row][vc_row full_width=&#8221;stretch_row&#8221; equal_height=&#8221;yes&#8221; parallax=&#8221;content-moving&#8221; parallax_image=&#8221;258&#8243; el_class=&#8221;convert_to_table overlay&#8221; css=&#8221;.vc_custom_1450765517736{margin-bottom: 80px !important;}&#8221;][vc_column width=&#8221;7\/12&#8243; css=&#8221;.vc_custom_1450330273622{padding-top: 60px !important;padding-right: 0px !important;padding-bottom: 60px !important;}&#8221;][vc_custom_heading text=&#8221;Ta\u015f\u0131mac\u0131l\u0131\u011f\u0131n Keyfini Bizimle \u00c7\u0131kar\u0131n. 100% Garantili ve G\u00fcvenli&#8221; use_theme_fonts=&#8221;yes&#8221; el_class=&#8221;base_font_color heading_without_line&#8221;][vc_column_text]<span style=\"color: #404040;\">We designed a detailed homepage layouts that will fit any transportation industry size. We will take care of your cargo or your pasenger and deliver them safe and on time!<\/span>[\/vc_column_text][vc_btn title=&#8221;B\u0130ZE ULA\u015eIN.&#8221; style=&#8221;flat&#8221; shape=&#8221;round&#8221; color=&#8221;theme_style_3&#8243; i_align=&#8221;right&#8221; i_icon_fontawesome=&#8221;stm-arrow-next&#8221; add_icon=&#8221;true&#8221;][\/vc_column][vc_column width=&#8221;5\/12&#8243; css=&#8221;.vc_custom_1450765525367{background-position: center !important;background-repeat: no-repeat !important;background-size: contain !important;}&#8221; offset=&#8221;vc_hidden-md vc_hidden-sm vc_hidden-xs&#8221;][\/vc_column][\/vc_row][vc_row css=&#8221;.vc_custom_1450356751610{margin-bottom: 0px !important;}&#8221;][vc_column css=&#8221;.vc_custom_1450446299241{margin-bottom: 60px !important;}&#8221; offset=&#8221;vc_col-lg-6 vc_col-md-7&#8243;][vc_custom_heading text=&#8221;G\u00fcncel Yaz\u0131lar&#8221; use_theme_fonts=&#8221;yes&#8221; css=&#8221;.vc_custom_1579002899147{margin-bottom: 38px !important;}&#8221;][stm_news loop=&#8221;size:3|post_type:post&#8221; link=&#8221;url:%23|title:all%20news|&#8221;][\/vc_column][vc_column css=&#8221;.vc_custom_1450446304318{margin-bottom: 60px !important;}&#8221; offset=&#8221;vc_col-lg-6 vc_col-md-5&#8243;][vc_custom_heading text=&#8221;S\u0131k Sorulan Sorular.&#8221; use_theme_fonts=&#8221;yes&#8221; css=&#8221;.vc_custom_1579001990115{margin-bottom: 38px !important;}&#8221;][vc_tta_accordion style=&#8221;outline&#8221; shape=&#8221;square&#8221; color=&#8221;theme_style&#8221; c_icon=&#8221;chevron&#8221; c_position=&#8221;right&#8221; active_section=&#8221;1&#8243; no_fill=&#8221;true&#8221;][vc_tta_section title=&#8221;Soru?&#8221; tab_id=&#8221;1450333286729-b84bb545-f459&#8243;][vc_column_text]A\u00e7\u0131klama..[\/vc_column_text][\/vc_tta_section][vc_tta_section title=&#8221;Soru?&#8221; tab_id=&#8221;1450333395266-cee3f8a0-cdaa&#8221;][vc_column_text]A\u00e7\u0131klama&#8230;[\/vc_column_text][\/vc_tta_section][vc_tta_section title=&#8221;Soru?&#8221; tab_id=&#8221;1450333393575-560e10ae-d671&#8243;][vc_column_text]A\u00e7\u0131klama&#8230;[\/vc_column_text][\/vc_tta_section][vc_tta_section title=&#8221;Soru?&#8221; tab_id=&#8221;1450333390085-ccbb2f35-ff19&#8243;][vc_column_text]A\u00e7\u0131klama&#8230;[\/vc_column_text][\/vc_tta_section][vc_tta_section title=&#8221;Soru?&#8221; tab_id=&#8221;1450333387414-6ded1f9e-e822&#8243;][vc_column_text]A\u00e7\u0131klama&#8230;[\/vc_column_text][\/vc_tta_section][\/vc_tta_accordion][\/vc_column][\/vc_row][vc_row css=&#8221;.vc_custom_1450356867512{margin-bottom: 0px !important;padding-top: 53px !important;padding-bottom: 53px !important;}&#8221;][vc_column][stm_image_carousel grayscale=&#8221;yes&#8221; img_size=&#8221;full&#8221; autoplay=&#8221;yes&#8221; items_mobile=&#8221;2&#8243; images=&#8221;258,258,258,258&#8243;][\/vc_column][\/vc_row][vc_row full_width=&#8221;stretch_row&#8221; equal_height=&#8221;yes&#8221; css=&#8221;.vc_custom_1450446724850{margin-bottom: 0px !important;margin-left: 0px !important;background-color: #f7f7f7 !important;}&#8221; el_class=&#8221;reset-sm-paddings&#8221;][vc_column css=&#8221;.vc_custom_1450444940366{padding-top: 80px !important;padding-bottom: 31px !important;}&#8221; offset=&#8221;vc_col-lg-5 vc_col-md-6&#8243;][vc_custom_heading text=&#8221;Bizi \u00d6zel Yapan Nedir?&#8221; use_theme_fonts=&#8221;yes&#8221;][vc_column_text]10.000&#8217;den fazla komple ve parsiyel sevkiyat tecr\u00fcbesi, uzman kadro, m\u00fc\u015fteri odakl\u0131 \u00e7al\u0131\u015fma, g\u00fcler y\u00fczl\u00fc hizmet, g\u00fcvenli ve h\u0131zl\u0131 ta\u015f\u0131mac\u0131l\u0131k.[\/vc_column_text][vc_row_inner css=&#8221;.vc_custom_1449127190171{margin-bottom: 0px !important;}&#8221; el_class=&#8221;reset-sm-paddings&#8221;][vc_column_inner width=&#8221;1\/2&#8243; css=&#8221;.vc_custom_1450423994691{margin-bottom: 44px !important;}&#8221; offset=&#8221;vc_col-xs-12&#8243;][stm_icon drawing=&#8221;yes&#8221; icon_position=&#8221;icon_position_left&#8221; icon_width_svg=&#8221;68&#8243; icon_size=&#8221;71&#8243; icon_width=&#8221;95&#8243; title_font_size=&#8221;14&#8243; title_font_weight=&#8221;600&#8243; title=&#8221;Uzmanl\u0131\u011f\u0131m\u0131z ve tecr\u00fcbemiz.&#8221; drawing_icon=&#8221;stm-packaging-and-storage&#8221;][\/vc_column_inner][vc_column_inner width=&#8221;1\/2&#8243; css=&#8221;.vc_custom_1450423999162{margin-bottom: 44px !important;}&#8221; offset=&#8221;vc_col-xs-12&#8243;][stm_icon drawing=&#8221;yes&#8221; icon_position=&#8221;icon_position_left&#8221; icon_width_svg=&#8221;71&#8243; icon_size=&#8221;64&#8243; icon_width=&#8221;95&#8243; title_font_size=&#8221;14&#8243; title_font_weight=&#8221;600&#8243; title=&#8221;M\u00fc\u015fteri odakl\u0131 \u00e7al\u0131\u015fma.&#8221; drawing_icon=&#8221;stm-warehousing-service&#8221;][\/vc_column_inner][\/vc_row_inner][vc_row_inner css=&#8221;.vc_custom_1449127193884{margin-bottom: 0px !important;}&#8221; el_class=&#8221;reset-sm-paddings&#8221;][vc_column_inner width=&#8221;1\/2&#8243; css=&#8221;.vc_custom_1450424067703{margin-bottom: 44px !important;}&#8221; offset=&#8221;vc_col-xs-12&#8243;][stm_icon drawing=&#8221;yes&#8221; icon_position=&#8221;icon_position_left&#8221; icon_width_svg=&#8221;72&#8243; icon_size=&#8221;51&#8243; icon_width=&#8221;95&#8243; title_font_size=&#8221;14&#8243; title_font_weight=&#8221;600&#8243; title=&#8221;G\u00fcvenli ve h\u0131zl\u0131 ta\u015f\u0131mac\u0131l\u0131k.&#8221; drawing_icon=&#8221;stm-ground-transport&#8221;][\/vc_column_inner][vc_column_inner width=&#8221;1\/2&#8243; css=&#8221;.vc_custom_1450424075450{margin-bottom: 44px !important;}&#8221; offset=&#8221;vc_col-xs-12&#8243;][stm_icon drawing=&#8221;yes&#8221; icon_position=&#8221;icon_position_left&#8221; icon_width_svg=&#8221;77&#8243; icon_size=&#8221;50&#8243; icon_width=&#8221;95&#8243; title_font_size=&#8221;14&#8243; title_font_weight=&#8221;600&#8243; title=&#8221;M\u00fckemmel m\u00fc\u015fteri deneyimleri.&#8221; drawing_icon=&#8221;stm-logistic-services&#8221;][\/vc_column_inner][\/vc_row_inner][\/vc_column][vc_column offset=&#8221;vc_col-lg-7 vc_col-md-6&#8243; css=&#8221;.vc_custom_1450444946350{padding-left: 45px !important;}&#8221;][vc_row_inner el_class=&#8221;reset-sm-paddings&#8221;][vc_column_inner el_class=&#8221;base_bg_color&#8221; css=&#8221;.vc_custom_1450423858601{padding-top: 80px !important;padding-right: 40px !important;padding-bottom: 50px !important;padding-left: 40px !important;}&#8221;][vc_custom_heading text=&#8221;Bize Mail \u0130le Ula\u015fabilirsiniz.&#8221; font_container=&#8221;tag:h2|text_align:left|color:%23ffffff&#8221; use_theme_fonts=&#8221;yes&#8221;]<div role=\"form\" class=\"wpcf7\" id=\"wpcf7-f208-o1\" lang=\"en-US\" dir=\"ltr\">\n<div class=\"screen-reader-response\"><\/div>\n<form action=\"\/index.php\/wp-json\/wp\/v2\/pages\/1269#wpcf7-f208-o1\" method=\"post\" class=\"wpcf7-form\" novalidate=\"novalidate\">\n<div style=\"display: none;\">\n<input type=\"hidden\" name=\"_wpcf7\" value=\"208\" \/>\n<input type=\"hidden\" name=\"_wpcf7_version\" value=\"5.1.4\" \/>\n<input type=\"hidden\" name=\"_wpcf7_locale\" value=\"en_US\" \/>\n<input type=\"hidden\" name=\"_wpcf7_unit_tag\" value=\"wpcf7-f208-o1\" \/>\n<input type=\"hidden\" name=\"_wpcf7_container_post\" value=\"0\" \/>\n<\/div>\n<div class=\"request_quote\">\n<div class=\"row\">\n<div class=\"col-lg-6 col-md-6 col-sm-6 col-xs-12\">\n<div class=\"input-group\">\n\n<\/div>\n<div class=\"input-group\">\n<span class=\"wpcf7-form-control-wrap departure_city\"><input type=\"text\" name=\"departure_city\" value=\"\" size=\"40\" class=\"wpcf7-form-control wpcf7-text wpcf7-validates-as-required\" aria-required=\"true\" aria-invalid=\"false\" placeholder=\"\u015eehir Se\u00e7iniz\" \/><\/span>\n<\/div>\n<div class=\"input-group\">\n<span class=\"wpcf7-form-control-wrap delivery_city\"><input type=\"text\" name=\"delivery_city\" value=\"\" size=\"40\" class=\"wpcf7-form-control wpcf7-text\" aria-invalid=\"false\" placeholder=\"\u015eehir Se\u00e7iniz\" \/><\/span>\n<\/div>\n<div class=\"input-group\">\n<span class=\"wpcf7-form-control-wrap incoterms\"><select name=\"incoterms\" class=\"wpcf7-form-control wpcf7-select\" aria-invalid=\"false\"><option value=\"\">Teslim \u015eekli<\/option><option value=\"EXW\">EXW<\/option><option value=\"FCA\">FCA<\/option><option value=\"CPT\">CPT<\/option><option value=\"CIP\">CIP<\/option><option value=\"DAT\">DAT<\/option><option value=\"DAP\">DAP<\/option><option value=\"DDP\">DDP<\/option><option value=\"FAS\">FAS<\/option><option value=\"FOB\">FOB<\/option><option value=\"CFR\">CFR<\/option><option value=\"CIF\">CIF<\/option><\/select><\/span>\n<\/div>\n<div class=\"input-group\">\n<span class=\"wpcf7-form-control-wrap total_weight\"><input type=\"text\" name=\"total_weight\" value=\"\" size=\"40\" class=\"wpcf7-form-control wpcf7-text\" aria-invalid=\"false\" placeholder=\"Toplam A\u011f\u0131rl\u0131k (KG)\" \/><\/span>\n<\/div>\n<\/div>\n<div class=\"col-lg-6 col-md-6 col-sm-6 col-xs-12\">\n<div class=\"input-group\">\n<span class=\"wpcf7-form-control-wrap dimension\"><input type=\"text\" name=\"dimension\" value=\"\" size=\"40\" class=\"wpcf7-form-control wpcf7-text\" aria-invalid=\"false\" placeholder=\"Boyut\" \/><\/span>\n<\/div>\n<div class=\"input-group\">\n<span class=\"wpcf7-form-control-wrap email\"><input type=\"email\" name=\"email\" value=\"\" size=\"40\" class=\"wpcf7-form-control wpcf7-text wpcf7-email wpcf7-validates-as-required wpcf7-validates-as-email\" aria-required=\"true\" aria-invalid=\"false\" placeholder=\"Email\" \/><\/span>\n<\/div>\n<div class=\"input-group\">\n<span class=\"wpcf7-form-control-wrap message\"><textarea name=\"message\" cols=\"40\" rows=\"10\" class=\"wpcf7-form-control wpcf7-textarea\" aria-invalid=\"false\" placeholder=\"Mesaj\u0131n\u0131z\u0131 Yaz\u0131n\u0131z.\"><\/textarea><\/span>\n<\/div>\n<div class=\"input-group\">\n<button class=\"button size-sm fullwidth white-text theme-wpcf7-submit\">G\u00f6nder <i class=\"stm-arrow-next\"><\/i><\/button>\n<\/div>\n<\/div>\n<\/div>\n<\/div>\n<div class=\"wpcf7-response-output wpcf7-display-none\"><\/div><\/form><\/div>[\/vc_column_inner][\/vc_row_inner][\/vc_column][\/vc_row]<\/p>\n","protected":false},"excerpt":{"rendered":"<p>[vc_row full_width=&#8221;stretch_row_content_no_spaces&#8221; css=&#8221;.vc_custom_1445941555299{margin-bottom: 0px !important;}&#8221;][vc_column offset=&#8221;vc_hidden-xs&#8221;][rev_slider_vc alias=&#8221;main_slider&#8221;][\/vc_column][\/vc_row][vc_row full_width=&#8221;stretch_row&#8221; el_class=&#8221;base_bg_color no_overflow_hidden&#8221; css=&#8221;.vc_custom_1448432556856{margin-bottom: 80px !important;}&#8221;][vc_column width=&#8221;1\/4&#8243; offset=&#8221;vc_hidden-xs&#8221;][stm_rev_slider_nav title=&#8221;Karayolu Ta\u015f\u0131mac\u0131l\u0131\u011f\u0131&#8221; icon=&#8221;stm-transport868&#8243; slide_number=&#8221;2&#8243;][\/vc_column][vc_column width=&#8221;1\/4&#8243; offset=&#8221;vc_hidden-xs&#8221;][stm_rev_slider_nav title=&#8221;Liman Hizmetleri&#8221; icon=&#8221;stm-ship&#8221; slide_number=&#8221;3&#8243;][\/vc_column][vc_column width=&#8221;1\/4&#8243; offset=&#8221;vc_hidden-xs&#8221;][stm_rev_slider_nav title=&#8221;Depolama&#8221; icon=&#8221;stm-warehouse&#8221; slide_number=&#8221;4&#8243;][\/vc_column][\/vc_row][vc_row full_height=&#8221;yes&#8221; css=&#8221;.vc_custom_1449213766351{margin-bottom: 60px&#8230;<\/p>\n","protected":false},"author":1,"featured_media":0,"parent":0,"menu_order":0,"comment_status":"closed","ping_status":"open","template":"","meta":{"footnotes":""},"_links":{"self":[{"href":"https:\/\/orsalojistik.com\/index.php\/wp-json\/wp\/v2\/pages\/1269"}],"collection":[{"href":"https:\/\/orsalojistik.com\/index.php\/wp-json\/wp\/v2\/pages"}],"about":[{"href":"https:\/\/orsalojistik.com\/index.php\/wp-json\/wp\/v2\/types\/page"}],"author":[{"embeddable":true,"href":"https:\/\/orsalojistik.com\/index.php\/wp-json\/wp\/v2\/users\/1"}],"replies":[{"embeddable":true,"href":"https:\/\/orsalojistik.com\/index.php\/wp-json\/wp\/v2\/comments?post=1269"}],"version-history":[{"count":21,"href":"https:\/\/orsalojistik.com\/index.php\/wp-json\/wp\/v2\/pages\/1269\/revisions"}],"predecessor-version":[{"id":1406,"href":"https:\/\/orsalojistik.com\/index.php\/wp-json\/wp\/v2\/pages\/1269\/revisions\/1406"}],"wp:attachment":[{"href":"https:\/\/orsalojistik.com\/index.php\/wp-json\/wp\/v2\/media?parent=1269"}],"curies":[{"name":"wp","href":"https:\/\/api.w.org\/{rel}","templated":true}]}}