{"id":1384,"date":"2020-01-17T12:25:58","date_gmt":"2020-01-17T09:25:58","guid":{"rendered":"http:\/\/orsalojistik.com\/?page_id=1384"},"modified":"2020-02-05T15:30:36","modified_gmt":"2020-02-05T12:30:36","slug":"hizmetlerimiz","status":"publish","type":"page","link":"https:\/\/orsalojistik.com\/index.php\/hizmetlerimiz\/","title":{"rendered":"Hizmetlerimiz"},"content":{"rendered":"\n<h2 class=\"wp-block-heading\"><strong>\u015eehirleraras\u0131 Nakliye\nHizmetleri; <\/strong><\/h2>\n\n\n\n<p>Ya\u015fanan h\u0131zl\u0131 de\u011fi\u015fim\nve k\u00fcreselle\u015fmenin etkisiyle g\u00fcn\u00fcm\u00fcz i\u015fletmeleri daha rekabet\u00e7i bir i\u015f\nortam\u0131nda hem yerel hem de uluslararas\u0131 pazarlarda bir ad\u0131m daha \u00f6nde olabilmek\ni\u00e7in m\u00fckemmel bir da\u011f\u0131t\u0131m a\u011f\u0131na ihtiya\u00e7 duymaktad\u0131rlar. Bili\u015fim\nteknolojilerindeki h\u0131zl\u0131 geli\u015fim i\u015f s\u00fcre\u00e7lerini h\u0131zland\u0131rd\u0131\u011f\u0131 gibi m\u00fc\u015fterileri\nde de\u011fi\u015ftirdi. Art\u0131k pazar daha \u00e7ok isteyen ve daha sab\u0131rs\u0131z m\u00fc\u015fteriler demek.\nB\u00f6ylesi zor bir ortamda hayatta kalabilmek i\u00e7in Lojistik ve Lojistik Y\u00f6netimi\ngibi kavramlar giderek \u00f6nem kazan\u0131yor. Lojistik, hammaddenin temininden \u00fcretim\nortam\u0131na, nihai \u00fcr\u00fcn\u00fcn tamamlanmas\u0131ndan da\u011f\u0131t\u0131m kanallar\u0131 ve m\u00fc\u015fteriye kadar,\ntedarik zinciri d\u00e2hilindeki t\u00fcm y\u00f6netim ve sevk faaliyetlerde \u00f6n\u00fcm\u00fcze\n\u00e7\u0131kmaktad\u0131r.<\/p>\n\n\n\n<p>Orsa\nTa\u015f\u0131mac\u0131l\u0131k \u00f6zmal ara\u00e7lar\u0131yla, y\u00fcklerinizi yurti\u00e7i sigortal\u0131 ve h\u0131zl\u0131 bi\u00e7imde\nta\u015f\u0131r, m\u00fc\u015fterilerine y\u0131l\u0131n 365 g\u00fcn\u00fc 24 saat do\u011fru bilgilendirir. T\u00fcrkiye\u2019 nin\nt\u00fcm b\u00f6lgelerine \u00e7al\u0131\u015fan Orsa Ta\u015f\u0131mac\u0131l\u0131k y\u00fcklerinizin istedi\u011finiz yere sorunsuz\nbir \u015fekilde ula\u015ft\u0131r\u0131r. <\/p>\n\n\n\n<h2 class=\"wp-block-heading\"><strong>Parsiyel Bazl\u0131 Ta\u015f\u0131mac\u0131l\u0131k<\/strong>;<\/h2>\n\n\n\n<p>Orsa Ta\u015f\u0131mac\u0131l\u0131k olarak Ankara&#8217; dan 81 ile komple ve parsiyel bazl\u0131 ta\u015f\u0131ma hizmeti vermekteyiz.<br> Lojistik faaliyetlerimiz i\u00e7in Ankara Lojistik \u00dcss\u00fcnde ofisimiz bulunmaktad\u0131r. Bu nedenle m\u00fc\u015fterilerimizin ara\u00e7 ihtiyac\u0131n\u0131 arada arac\u0131 bulunmadan yapabiliyoruz..<\/p>\n\n\n\n<h2 class=\"wp-block-heading\"> <strong>\u015eehir i\u00e7i Nakliye Hizmetleri<\/strong>; <\/h2>\n\n\n\n<p>Her \u00e7e\u015fit nakliye i\u015flerinde Orsa Ta\u015f\u0131mac\u0131l\u0131k g\u00fcvencesi ile g\u00f6n\u00fcl rahatl\u0131\u011f\u0131 i\u00e7erisinde sevkiyatlar\u0131n\u0131z\u0131 sa\u011flaman\u0131z i\u00e7in t\u00fcm uzaman kadromuz ve Orsa Ta\u015f\u0131mac\u0131l\u0131k personelimizle hizmetinizdeyiz. <\/p>\n\n\n\n<h2 class=\"wp-block-heading\"><strong>Liman Hizmetleri<\/strong>;<\/h2>\n\n\n\n<p>\u0130stanbul \u2013 \u0130zmir &#8211;&nbsp; Kocaeli \u2013 Mersin limanlar\u0131nda olan \u0130thalat \/ \u0130hracat T\u00fcm A\u00e7\u0131k Y\u00fck, Konteyner ve Lowbed (A\u011f\u0131r \u0130\u015f Makinalar\u0131) ta\u015f\u0131malar\u0131n\u0131zda hizmetinizdeyiz.<\/p>\n\n\n\n<p>Liman\nMakinalar\u0131 Ta\u015f\u0131malar\u0131,<br>\nOpen Top \/ OP Konteyn\u0131r Ta\u015f\u0131malar\u0131,<br>\nFlat Rack \/ FC Konteyn\u0131r ta\u015f\u0131malar\u0131,<br>\nAmbarl\u0131 Liman\u0131 Nakliye Ta\u015f\u0131mac\u0131l\u0131\u011f\u0131,<br>\nHaydarpa\u015fa Liman\u0131 Nakliye Ta\u015f\u0131mac\u0131l\u0131\u011f\u0131,<br>\n\u0130zmir Liman\u0131 Nakliye Ta\u015f\u0131mac\u0131l\u0131\u011f\u0131,<br>\nGemlik Liman\u0131 Nakliye Ta\u015f\u0131mac\u0131l\u0131\u011f\u0131,<br>\nDerince Liman\u0131 Nakliye Ta\u015f\u0131mac\u0131l\u0131\u011f\u0131,<br>\nY\u0131lport Liman\u0131 Nakliye Ta\u015f\u0131mac\u0131l\u0131\u011f\u0131,<br>\nEvyap liman\u0131 Nakliye Ta\u015f\u0131mac\u0131l\u0131\u011f\u0131,<br>\nMersin Liman\u0131 Nakliye Ta\u015f\u0131mac\u0131l\u0131\u011f\u0131,<br>\n<br>\n<\/p>\n\n\n\n<h2 class=\"wp-block-heading\"><strong>Konteyner&nbsp;Ta\u015f\u0131mac\u0131l\u0131\u011f\u0131<\/strong>;<\/h2>\n\n\n\n<p>Liman,\nantrepo ve depolardan konteyner ta\u015f\u0131mas\u0131 yap\u0131lmas\u0131 i\u015fidir. <\/p>\n\n\n\n<p>&nbsp;Geni\u015f ve teknolojiye uygun makina park\u0131m\u0131z ve tecr\u00fcbeli kadromuz ile &nbsp;hafriyat ve bina y\u0131k\u0131m\u0131 i\u015flerinize en h\u0131zl\u0131 \u015fekilde \u00e7\u00f6z\u00fcm \u00fcretmekteyiz.<\/p>\n\n\n\n<p>Zaman\u0131nda i\u015f teslimi her zaman referans\u0131m\u0131z olmu\u015ftur.<\/p>\n\n\n\n<h2 class=\"wp-block-heading\"><strong>Proje Ta\u015f\u0131mac\u0131l\u0131\u011f\u0131<\/strong>;<\/h2>\n\n\n\n<p>Kurulu\u015fundan\nbu yana, ba\u015fta in\u015faat sekt\u00f6r\u00fcnde yer alan \u015firketler olmak \u00fczere, bir \u00e7ok firmaya\nhizmet veren Orsa Ta\u015f\u0131mac\u0131l\u0131k,&nbsp; proje baz\u0131nda ger\u00e7ekle\u015ftirilen i\u015flerin\nparasal ve zamansal riskinin bilincinde olarak kusursuz \u00e7al\u0131\u015fmaktad\u0131r.<\/p>\n\n\n\n<p>S\u00f6zle\u015fme\nesnas\u0131nda yap\u0131lan maliyet analizleri ve titizlikle haz\u0131rlanan g\u00fczergah plan\u0131\nile aksaks\u0131z hizmet sunmaktay\u0131z.&nbsp; M\u00fc\u015fterinin sorumluluklar\u0131n\u0131 kendi\nsorumlulu\u011fu olarak g\u00f6ren bir zihniyetle yap\u0131lan t\u00fcm \u00e7al\u0131\u015fmalar, al\u0131nan t\u00fcm\ng\u00f6revlerin kusursuzca tamamlanmas\u0131 sonucunu do\u011furmaktad\u0131r.<\/p>\n\n\n\n<h2 class=\"wp-block-heading\"><strong>A\u011f\u0131r Y\u00fck ve Makine Ta\u015f\u0131mac\u0131l\u0131\u011f\u0131<\/strong>;<\/h2>\n\n\n\n<p>Standart \u00f6l\u00e7\u00fcler d\u0131\u015f\u0131ndaki t\u00fcm y\u00fcklerin,bu y\u00fcklere uygun,\u00f6zel dorseler ve \u00e7ekiciler ile \u00f6nc\u00fc e\u015fli\u011finde m\u00fcmk\u00fcn olan en emniyetli ve en k\u0131sa s\u00fcrede, karayolunu kullanarak var\u0131\u015f noktas\u0131na ula\u015ft\u0131r\u0131lma i\u015flemi.Bu ta\u015f\u0131ma hizmeti, m\u00fc\u015fteri talebi do\u011frultusunda sigortalama,depolama ve montaj hizmetleri ile desteklenmektedir.<\/p>\n\n\n\n<p>Yukar\u0131da\nbelirtilen hizmetlerin d\u0131\u015f\u0131nda m\u00fc\u015fterilerimizin taleplerine g\u00f6re ta\u015f\u0131mac\u0131l\u0131kla\nilgili her t\u00fcrl\u00fc \u00f6zel hizmetler geli\u015ftirilebilir<\/p>\n\n\n\n<h2 class=\"wp-block-heading\"><strong>Sevkiyat Bildirimi<\/strong>;<\/h2>\n\n\n\n<p>Yap\u0131lan t\u00fcm\nsevkiyatlar\u0131n\u0131za ait ara\u00e7 ve \u015fof\u00f6r bilgileri daha \u00f6nceden tan\u0131mlanm\u0131\u015f mail\nadreslerinize sevkiyat\u0131n ba\u015flamas\u0131na m\u00fcteakip g\u00f6nderilmesidir. <\/p>\n\n\n\n<h2 class=\"wp-block-heading\"><strong>\u00d6deme ve Faturalama Se\u00e7enekleri<\/strong>;<\/h2>\n\n\n\n<p>\u00c7al\u0131\u015fma sisteminize uygun olarak haftal\u0131k veya ayl\u0131k faturaland\u0131rma&nbsp; ve \u00f6deme se\u00e7enekleri. <\/p>\n\n\n\n<p>Her \u00e7e\u015fit\nnakliye i\u015flerinde Orsa Ta\u015f\u0131mac\u0131l\u0131k g\u00fcvencesi ile g\u00f6n\u00fcl rahatl\u0131\u011f\u0131 i\u00e7erisinde\nsevkiyatlar\u0131n\u0131z\u0131 sa\u011flaman\u0131z i\u00e7in t\u00fcm uzaman kadromuz ve Orsa Ta\u015f\u0131mac\u0131l\u0131k\npersonelimizle hizmetinizdeyiz.<\/p>\n","protected":false},"excerpt":{"rendered":"<p>\u015eehirleraras\u0131 Nakliye Hizmetleri; Ya\u015fanan h\u0131zl\u0131 de\u011fi\u015fim ve k\u00fcreselle\u015fmenin etkisiyle g\u00fcn\u00fcm\u00fcz i\u015fletmeleri daha rekabet\u00e7i bir i\u015f ortam\u0131nda hem yerel hem de uluslararas\u0131 pazarlarda bir ad\u0131m daha \u00f6nde olabilmek i\u00e7in m\u00fckemmel bir da\u011f\u0131t\u0131m a\u011f\u0131na ihtiya\u00e7&#8230;<\/p>\n","protected":false},"author":2,"featured_media":0,"parent":0,"menu_order":0,"comment_status":"closed","ping_status":"closed","template":"","meta":{"footnotes":""},"_links":{"self":[{"href":"https:\/\/orsalojistik.com\/index.php\/wp-json\/wp\/v2\/pages\/1384"}],"collection":[{"href":"https:\/\/orsalojistik.com\/index.php\/wp-json\/wp\/v2\/pages"}],"about":[{"href":"https:\/\/orsalojistik.com\/index.php\/wp-json\/wp\/v2\/types\/page"}],"author":[{"embeddable":true,"href":"https:\/\/orsalojistik.com\/index.php\/wp-json\/wp\/v2\/users\/2"}],"replies":[{"embeddable":true,"href":"https:\/\/orsalojistik.com\/index.php\/wp-json\/wp\/v2\/comments?post=1384"}],"version-history":[{"count":12,"href":"https:\/\/orsalojistik.com\/index.php\/wp-json\/wp\/v2\/pages\/1384\/revisions"}],"predecessor-version":[{"id":1404,"href":"https:\/\/orsalojistik.com\/index.php\/wp-json\/wp\/v2\/pages\/1384\/revisions\/1404"}],"wp:attachment":[{"href":"https:\/\/orsalojistik.com\/index.php\/wp-json\/wp\/v2\/media?parent=1384"}],"curies":[{"name":"wp","href":"https:\/\/api.w.org\/{rel}","templated":true}]}}