{"id":415,"date":"2015-11-17T04:19:36","date_gmt":"2015-11-17T04:19:36","guid":{"rendered":"http:\/\/logistics.stylemixthemes.com\/demo\/?page_id=415"},"modified":"2020-02-11T14:36:50","modified_gmt":"2020-02-11T11:36:50","slug":"about-us","status":"publish","type":"page","link":"https:\/\/orsalojistik.com\/index.php\/about-us\/","title":{"rendered":"Hakk\u0131m\u0131zda"},"content":{"rendered":"<p>[vc_row css=&#8221;.vc_custom_1448604362911{margin-bottom: 100px !important;}&#8221;][vc_column offset=&#8221;vc_col-lg-9 vc_col-md-9&#8243;][vc_row_inner css=&#8221;.vc_custom_1449140720718{margin-bottom: 0px !important;}&#8221;][vc_column_inner offset=&#8221;vc_hidden-xs&#8221; css=&#8221;.vc_custom_1449140656921{margin-bottom: 80px !important;}&#8221;][rev_slider_vc alias=&#8221;about_us_slider&#8221;][\/vc_column_inner][\/vc_row_inner][vc_column_text css=&#8221;.vc_custom_1579176007130{margin-bottom: 30px !important;}&#8221;]<\/p>\n<h2>ORSA LOJ\u0130ST\u0130K<\/h2>\n<p><span style=\"font-size: 11.0pt; font-family: 'Arial',sans-serif;\">Orsa Lojistik, m\u00fc\u015fterilerin ihtiya\u00e7lar\u0131n\u0131 kar\u015f\u0131lamak \u00fczere, (\u00fcr\u00fcn\u00fcn) ham maddenin ba\u015flang\u0131\u00e7 noktas\u0131ndan, \u00fcr\u00fcn\u00fcn t\u00fcketildi\u011fi son noktaya kadar sevk edilmesi, hizmetlerin ve bilgi ak\u0131\u015f\u0131n\u0131n etkili ve verimli bir \u015fekilde planlanmas\u0131, uygulanmas\u0131 ve kontrol edilmesini hedefler. <\/span><\/p>\n<p><span style=\"font-size: 11.0pt; font-family: 'Arial',sans-serif;\">\u00dclkemizde Lojistik sekt\u00f6r\u00fcn\u00fcn geli\u015fmesine paralel olarak, Lojistik ve Ta\u015f\u0131mac\u0131l\u0131k konusunda uzmanla\u015fm\u0131\u015f insan g\u00fcc\u00fcne ihtiya\u00e7 da artm\u0131\u015ft\u0131r.<\/span><\/p>\n<p><span style=\"font-family: Arial, sans-serif; font-size: 11pt;\">Bu ihtiyac\u0131 g\u00f6ren firmam\u0131z, 2011 y\u0131l\u0131nda Yurt i\u00e7i ve Uluslararas\u0131 Lojistik ve Ta\u015f\u0131mac\u0131l\u0131k faaliyetine ba\u015flam\u0131\u015ft\u0131r.<\/span><\/p>\n<p><span style=\"font-size: 11.0pt; font-family: 'Arial',sans-serif;\">Amac\u0131m\u0131z, globalle\u015fen ekonomik ortamda, kendimizi Uluslararas\u0131 Lojistik ve Ta\u015f\u0131mac\u0131l\u0131k konular\u0131nda geli\u015ftirmektir.<\/span><\/p>\n<p style=\"text-align: left;\"><span style=\"font-size: 10.0pt; font-family: 'Calibri',sans-serif;\">\u00a0 \u00a0 \u00a0 \u00a0 \u00a0 \u00a0 \u00a0<\/span><\/p>\n<p>[vc_custom_heading text=&#8221;REFERANSLARIMIZ&#8221; use_theme_fonts=&#8221;yes&#8221;][stm_image_carousel grayscale=&#8221;yes&#8221; img_size=&#8221;full&#8221; autoplay=&#8221;yes&#8221; items=&#8221;5&#8243; items_mobile=&#8221;2&#8243; images=&#8221;258,258,258,258&#8243; css=&#8221;.vc_custom_1450442135053{margin-bottom: 80px !important;}&#8221;][\/vc_column][vc_column width=&#8221;1\/4&#8243; offset=&#8221;vc_hidden-sm vc_hidden-xs&#8221;][stm_sidebar sidebar=&#8221;272&#8243;][\/vc_column][\/vc_row][vc_row full_width=&#8221;stretch_row&#8221; el_class=&#8221;secondary_bg_color&#8221; css=&#8221;.vc_custom_1447734480631{margin-bottom: 0px !important;}&#8221;][vc_column][vc_cta h2=&#8221; \u0130\u015fletmenizin ihtiya\u00e7lar\u0131na en uygun \u00e7\u00f6z\u00fcmler i\u00e7in&#8221; shape=&#8221;square&#8221; add_button=&#8221;right&#8221; btn_title=&#8221;Bize Ula\u015f\u0131n&#8221; btn_style=&#8221;outline&#8221; btn_shape=&#8221;round&#8221; btn_color=&#8221;white&#8221; btn_i_align=&#8221;right&#8221; btn_i_icon_fontawesome=&#8221;stm-arrow-next&#8221; btn_add_icon=&#8221;true&#8221; el_class=&#8221;secondary_bg_color&#8221;][\/vc_cta][\/vc_column][\/vc_row]<\/p>\n","protected":false},"excerpt":{"rendered":"<p>[vc_row css=&#8221;.vc_custom_1448604362911{margin-bottom: 100px !important;}&#8221;][vc_column offset=&#8221;vc_col-lg-9 vc_col-md-9&#8243;][vc_row_inner css=&#8221;.vc_custom_1449140720718{margin-bottom: 0px !important;}&#8221;][vc_column_inner offset=&#8221;vc_hidden-xs&#8221; css=&#8221;.vc_custom_1449140656921{margin-bottom: 80px !important;}&#8221;][rev_slider_vc alias=&#8221;about_us_slider&#8221;][\/vc_column_inner][\/vc_row_inner][vc_column_text css=&#8221;.vc_custom_1579176007130{margin-bottom: 30px !important;}&#8221;] ORSA LOJ\u0130ST\u0130K Orsa Lojistik, m\u00fc\u015fterilerin ihtiya\u00e7lar\u0131n\u0131 kar\u015f\u0131lamak \u00fczere, (\u00fcr\u00fcn\u00fcn) ham maddenin ba\u015flang\u0131\u00e7 noktas\u0131ndan, \u00fcr\u00fcn\u00fcn t\u00fcketildi\u011fi son&#8230;<\/p>\n","protected":false},"author":1,"featured_media":0,"parent":0,"menu_order":0,"comment_status":"closed","ping_status":"closed","template":"","meta":{"footnotes":""},"_links":{"self":[{"href":"https:\/\/orsalojistik.com\/index.php\/wp-json\/wp\/v2\/pages\/415"}],"collection":[{"href":"https:\/\/orsalojistik.com\/index.php\/wp-json\/wp\/v2\/pages"}],"about":[{"href":"https:\/\/orsalojistik.com\/index.php\/wp-json\/wp\/v2\/types\/page"}],"author":[{"embeddable":true,"href":"https:\/\/orsalojistik.com\/index.php\/wp-json\/wp\/v2\/users\/1"}],"replies":[{"embeddable":true,"href":"https:\/\/orsalojistik.com\/index.php\/wp-json\/wp\/v2\/comments?post=415"}],"version-history":[{"count":15,"href":"https:\/\/orsalojistik.com\/index.php\/wp-json\/wp\/v2\/pages\/415\/revisions"}],"predecessor-version":[{"id":1405,"href":"https:\/\/orsalojistik.com\/index.php\/wp-json\/wp\/v2\/pages\/415\/revisions\/1405"}],"wp:attachment":[{"href":"https:\/\/orsalojistik.com\/index.php\/wp-json\/wp\/v2\/media?parent=415"}],"curies":[{"name":"wp","href":"https:\/\/api.w.org\/{rel}","templated":true}]}}