{"id":442,"date":"2015-11-17T05:09:58","date_gmt":"2015-11-17T05:09:58","guid":{"rendered":"http:\/\/logistics.stylemixthemes.com\/demo\/?page_id=442"},"modified":"2020-01-15T13:59:43","modified_gmt":"2020-01-15T10:59:43","slug":"contacts","status":"publish","type":"page","link":"https:\/\/orsalojistik.com\/index.php\/contacts\/","title":{"rendered":"Ula\u015f\u0131m &#8211; \u0130leti\u015fim"},"content":{"rendered":"\n<p style=\"text-align:center\">Ankara Yurti\u00e7i Nakliye ve Lojistik Merkezi&nbsp; <\/p>\n\n\n\n<p style=\"text-align:center\">B Blok No: 102 &nbsp; 06980 &nbsp; Kazan \/ANKARA<\/p>\n\n\n<p style=\"text-align: center;\">Tel: 0505 086 8565 &#8211; 0312 812 2030<\/p>\n<p style=\"text-align: center;\">E &#8211; Mail: info@orsalojistik.com<\/p>\n<p>\u00a0<\/p>\n\n<p><iframe loading=\"lazy\" src=\"https:\/\/www.google.com\/maps\/embed?pb=!1m18!1m12!1m3!1d48811.34614121186!2d32.60214777930413!3d40.126485110687845!2m3!1f0!2f0!3f0!3m2!1i1024!2i768!4f13.1!3m3!1m2!1s0x0%3A0xc1a04da11a918cbe!2sAnkara%20Yurt%20%C4%B0%C3%A7i%20Lojistik%20Merkezi!5e0!3m2!1str!2str!4v1579085687696!5m2!1str!2str\" width=\"1100\" height=\"450\" frameborder=\"0\" style=\"border:0;\" allowfullscreen=\"\"><\/iframe><\/p>\n","protected":false},"excerpt":{"rendered":"<p>Ankara Yurti\u00e7i Nakliye ve Lojistik Merkezi&nbsp; B Blok No: 102 &nbsp; 06980 &nbsp; Kazan \/ANKARA Tel: 0505 086 8565 &#8211; 0312 812 2030 E &#8211; Mail: info@orsalojistik.com \u00a0<\/p>\n","protected":false},"author":1,"featured_media":0,"parent":0,"menu_order":0,"comment_status":"closed","ping_status":"closed","template":"","meta":{"footnotes":""},"_links":{"self":[{"href":"https:\/\/orsalojistik.com\/index.php\/wp-json\/wp\/v2\/pages\/442"}],"collection":[{"href":"https:\/\/orsalojistik.com\/index.php\/wp-json\/wp\/v2\/pages"}],"about":[{"href":"https:\/\/orsalojistik.com\/index.php\/wp-json\/wp\/v2\/types\/page"}],"author":[{"embeddable":true,"href":"https:\/\/orsalojistik.com\/index.php\/wp-json\/wp\/v2\/users\/1"}],"replies":[{"embeddable":true,"href":"https:\/\/orsalojistik.com\/index.php\/wp-json\/wp\/v2\/comments?post=442"}],"version-history":[{"count":10,"href":"https:\/\/orsalojistik.com\/index.php\/wp-json\/wp\/v2\/pages\/442\/revisions"}],"predecessor-version":[{"id":1363,"href":"https:\/\/orsalojistik.com\/index.php\/wp-json\/wp\/v2\/pages\/442\/revisions\/1363"}],"wp:attachment":[{"href":"https:\/\/orsalojistik.com\/index.php\/wp-json\/wp\/v2\/media?parent=442"}],"curies":[{"name":"wp","href":"https:\/\/api.w.org\/{rel}","templated":true}]}}